{"id":60,"date":"2024-04-01T15:07:38","date_gmt":"2024-04-01T15:07:38","guid":{"rendered":"https:\/\/autogreitassupirkimas.lt\/?page_id=60"},"modified":"2024-08-05T11:03:29","modified_gmt":"2024-08-05T08:03:29","slug":"duk","status":"publish","type":"page","link":"https:\/\/autogreitassupirkimas.lt\/ru\/duk\/","title":{"rendered":"\u0427\u0430\u0412\u043e"},"content":{"rendered":"<div id=\"fws_69f660ea2af4a\"  data-column-margin=\"default\" data-midnight=\"dark\"  class=\"wpb_row vc_row-fluid vc_row full-width-content vc_row-o-equal-height vc_row-flex vc_row-o-content-middle\"  style=\"padding-top: 0px; padding-bottom: 0px; \"><div class=\"row-bg-wrap\" data-bg-animation=\"none\" data-bg-animation-delay=\"\" data-bg-overlay=\"false\"><div class=\"inner-wrap row-bg-layer\" ><div class=\"row-bg viewport-desktop using-bg-color\"  style=\"background-color: #f7f7f7; \"><\/div><\/div><\/div><div class=\"row_col_wrap_12 col span_12 dark left\">\n\t<div style=\" color: #ffffff;\" class=\"vc_col-sm-6 wpb_column column_container vc_column_container col padding-8-percent inherit_tablet inherit_phone\" data-cfc=\"true\" data-using-bg=\"true\" data-padding-pos=\"all\" data-has-bg-color=\"true\" data-bg-color=\"#230c33\" data-bg-opacity=\"0.8\" data-animation=\"\" data-delay=\"0\" >\n\t\t<div class=\"vc_column-inner\" ><div class=\"column-image-bg-wrap column-bg-layer viewport-desktop\" data-bg-pos=\"center center\" data-bg-animation=\"none\" data-bg-overlay=\"false\"><div class=\"inner-wrap\"><div class=\"column-image-bg\" style=\" background-image: url('https:\/\/autogreitassupirkimas.lt\/wp-content\/uploads\/2024\/04\/greitas-automobiliu-supirkimas.webp'); \"><\/div><\/div><\/div><div class=\"column-bg-overlay-wrap column-bg-layer\" data-bg-animation=\"none\"><div class=\"column-bg-overlay\" style=\"opacity: 0.8; background-color: #230c33;\"><\/div><\/div>\n\t\t\t<div class=\"wpb_wrapper\">\n\t\t\t\t<h2 style=\"color: #ffffff;text-align: left\" class=\"vc_custom_heading\" >\u0415\u0441\u0442\u044c \u0432\u043e\u043f\u0440\u043e\u0441\u044b?<\/h2>\n<div class=\"wpb_text_column wpb_content_element\" >\n\t<div class=\"wpb_wrapper\">\n\t\t<p><strong><a style=\"color: #fff;\" href=\"https:\/\/autogreitassupirkimas.lt\/ru\/pasiulymo-forma\/\">\u0412\u044b\u043a\u0443\u043f\u0430\u0435\u043c \u0430\u0432\u0442\u043e\u043c\u043e\u0431\u0438\u043b\u0438 \u0432\u0441\u0435\u0445 \u043c\u0430\u0440\u043e\u043a<\/a> visuose lietuvos miestuose.<br \/>\n\u041c\u044b \u0442\u0430\u043a\u0436\u0435 \u0440\u0430\u0431\u043e\u0442\u0430\u0435\u043c \u043f\u043e \u0432\u044b\u0445\u043e\u0434\u043d\u044b\u043c<br \/>\n\u041f\u043e\u043b\u0443\u0447\u0438\u0442\u0435 \u0434\u0435\u043d\u044c\u0433\u0438 \u0437\u0430 \u0441\u0432\u043e\u0439 \u0430\u0432\u0442\u043e\u043c\u043e\u0431\u0438\u043b\u044c \u0441\u0435\u0433\u043e\u0434\u043d\u044f.<\/strong><\/p>\n\t<\/div>\n<\/div>\n\n\n\n<h2 style=\"color: #ffffff;text-align: left\" class=\"vc_custom_heading\" >\u0410\u0432\u0442\u043e\u043c\u043e\u0431\u0438\u043b\u0438 \u043c\u043e\u0433\u0443\u0442 \u0431\u044b\u0442\u044c:<\/h2><div class=\"cflow-fancy-ul\" data-list-icon=\"icon-rvnski-thin-line\" data-animation=\"false\" data-animation-delay=\"0\" data-color=\"extra-color-3\" data-spacing=\"default\" data-alignment=\"left\"> \n<ul>\n<li>\u041d\u0430 \u0445\u043e\u0434\u0443<\/li>\n<li>\u0421 \u043f\u043e\u0432\u0440\u0435\u0436\u0434\u0435\u043d\u0438\u044f\u043c\u0438<\/li>\n<li>\u0411\u0438\u0442\u044b\u0435<\/li>\n<li>\u041d\u0435 \u044d\u043a\u0441\u043f\u043b\u0443\u0430\u0442\u0438\u0440\u043e\u0432\u0430\u043b\u0441\u044f (\u0434\u043b\u0438\u0442\u0435\u043b\u044c\u043d\u043e \u043d\u0435 \u0438\u0441\u043f\u043e\u043b\u044c\u0437\u043e\u0432\u0430\u043b\u0441\u044f)<\/li>\n<li>\u041f\u0440\u0430\u0432\u043e\u0440\u0443\u043b\u044c\u043d\u044b\u0435<\/li>\n<li>\u0423\u0445\u043e\u0436\u0435\u043d\u043d\u044b\u0435<\/li>\n<\/ul>\n <\/div>\n\t\t\t<\/div> \n\t\t<\/div>\n\t<\/div> \n\n\t<div style=\" color: #ffffff;\" class=\"vc_col-sm-6 wpb_column column_container vc_column_container col padding-8-percent inherit_tablet inherit_phone\" data-cfc=\"true\" data-using-bg=\"true\" data-padding-pos=\"all\" data-has-bg-color=\"true\" data-bg-color=\"#9984d4\" data-bg-opacity=\"1\" data-animation=\"\" data-delay=\"0\" >\n\t\t<div class=\"vc_column-inner\" ><div class=\"column-bg-overlay-wrap column-bg-layer\" data-bg-animation=\"none\"><div class=\"column-bg-overlay\" style=\"opacity: 1; background-color: #9984d4;\"><\/div><\/div>\n\t\t\t<div class=\"wpb_wrapper\">\n\t\t\t\t<h1 style=\"color: #ffffff;text-align: left\" class=\"vc_custom_heading\" >\u0410\u0432\u0442\u043e \u0441\u043a\u0443\u043f\u043a\u0430<\/h1>\n<div class=\"wpb_text_column wpb_content_element\" >\n\t<div class=\"wpb_wrapper\">\n\t\t<h3>\u0427.\u0417.\u0412.<\/h3>\n\t<\/div>\n<\/div>\n\n\n\n<div class=\"toggles accordion\" data-br=\"\" data-starting=\"closed\" data-style=\"minimal_small\"><div class=\"toggle default\" data-inner-wrap=\"true\"><h3 class=\"toggle-title\"><a href=\"#\" role=\"button\" class=\"toggle-heading\"><i role=\"presentation\" class=\"fa fa-plus-circle\"><\/i>\u041a\u0430\u043a\u0438\u043c\u0438 \u0441\u043f\u043e\u0441\u043e\u0431\u0430\u043c\u0438 \u044f \u043c\u043e\u0433\u0443 \u043f\u0440\u043e\u0434\u0430\u0442\u044c \u0441\u0432\u043e\u0439 \u0430\u0432\u0442\u043e\u043c\u043e\u0431\u0438\u043b\u044c?<\/a><\/h3><div><div class=\"inner-toggle-wrap\">\n<div class=\"wpb_text_column wpb_content_element\" >\n\t<div class=\"wpb_wrapper\">\n\t\t<p><strong>\u041f\u0440\u0435\u0434\u043b\u043e\u0436\u0438\u0442\u044c \u0441\u0432\u043e\u0439 \u0430\u0432\u0442\u043e\u043c\u043e\u0431\u0438\u043b\u044c \u043c\u043e\u0436\u043d\u043e \u0441\u043b\u0435\u0434\u0443\u044e\u0449\u0438\u043c\u0438 \u0441\u043f\u043e\u0441\u043e\u0431\u0430\u043c\u0438:<\/strong><br \/>\n- \u0417\u0430\u043f\u043e\u043b\u043d\u0438\u0442\u0435 \u0444\u043e\u0440\u043c\u0443 \u043f\u0440\u0435\u0434\u043b\u043e\u0436\u0435\u043d\u0438\u044f \u0430\u0432\u0442\u043e\u043c\u043e\u0431\u0438\u043b\u044f<br \/>\n- \u0422\u0435\u043b: <a style=\"color: #fff\" href=\"tel:+37060006080\">+37060006080<\/a><br \/>\n- \u042d\u043b.\u043f\u043e\u0447\u0442\u0430 <a style=\"color: #fff\" href=\"mailto:info@autogreitassupirkimas.lt\">info@autogreitassupirkimas.lt<\/a><\/p>\n\t<\/div>\n<\/div>\n\n\n\n<\/div><\/div><\/div><div class=\"toggle default\" data-inner-wrap=\"true\"><h3 class=\"toggle-title\"><a href=\"#\" role=\"button\" class=\"toggle-heading\"><i role=\"presentation\" class=\"fa fa-plus-circle\"><\/i>\u041a\u0430\u043a\u043e\u0439 \u0441\u043f\u043e\u0441\u043e\u0431 \u0441\u0430\u043c\u044b\u0439 \u0431\u044b\u0441\u0442\u0440\u044b\u0439 \u0438 \u0443\u0434\u043e\u0431\u043d\u044b\u0439?<\/a><\/h3><div><div class=\"inner-toggle-wrap\">\n<div class=\"wpb_text_column wpb_content_element\" >\n\t<div class=\"wpb_wrapper\">\n\t\t<p>\u0415\u0441\u043b\u0438 \u0432\u044b \u0442\u0432\u0435\u0440\u0434\u043e \u0440\u0435\u0448\u0438\u043b\u0438 \u0431\u044b\u0441\u0442\u0440\u043e \u043f\u0440\u043e\u0434\u0430\u0442\u044c \u0441\u0432\u043e\u0439 \u0430\u0432\u0442\u043e\u043c\u043e\u0431\u0438\u043b\u044c, \u043f\u043e\u0437\u0432\u043e\u043d\u0438\u0442\u0435 \u043d\u0430\u043c \u0438\u043b\u0438 \u0437\u0430\u043f\u043e\u043b\u043d\u0438\u0442\u0435 \u0444\u043e\u0440\u043c\u0443 \u043d\u0430 \u043d\u0430\u0448\u0435\u043c \u0441\u0430\u0439\u0442\u0435 \u2013 \u043d\u0430\u0448\u0430 \u0443\u0441\u043b\u0443\u0433\u0430 \u043f\u043e \u043f\u043e\u043a\u0443\u043f\u043a\u0435 \u0430\u0432\u0442\u043e\u043c\u043e\u0431\u0438\u043b\u044f \u0434\u043e\u0441\u0442\u0443\u043f\u043d\u0430 \u0432 \u043b\u044e\u0431\u043e\u0435 \u0432\u0440\u0435\u043c\u044f \u0441\u0443\u0442\u043e\u043a. \u0415\u0441\u043b\u0438 \u0432\u0430\u0448\u0435 \u043f\u0440\u0435\u0434\u043b\u043e\u0436\u0435\u043d\u0438\u0435 \u0441\u043e\u043e\u0442\u0432\u0435\u0442\u0441\u0442\u0432\u0443\u0435\u0442 \u043d\u0430\u0448\u0438\u043c \u043e\u0436\u0438\u0434\u0430\u043d\u0438\u044f\u043c, \u043c\u044b \u0441\u0432\u044f\u0436\u0435\u043c\u0441\u044f \u0441 \u0432\u0430\u043c\u0438 \u0432 \u0431\u043b\u0438\u0436\u0430\u0439\u0448\u0435\u0435 \u0432\u0440\u0435\u043c\u044f.<\/p>\n\t<\/div>\n<\/div>\n\n\n\n<\/div><\/div><\/div><div class=\"toggle default\" data-inner-wrap=\"true\"><h3 class=\"toggle-title\"><a href=\"#\" role=\"button\" class=\"toggle-heading\"><i role=\"presentation\" class=\"fa fa-plus-circle\"><\/i>\u0427\u0442\u043e \u043d\u0443\u0436\u043d\u043e \u0434\u043b\u044f \u043f\u0440\u043e\u0434\u0430\u0436\u0438 \u0430\u0432\u0442\u043e\u043c\u043e\u0431\u0438\u043b\u044f?<\/a><\/h3><div><div class=\"inner-toggle-wrap\">\n<div class=\"wpb_text_column wpb_content_element\" >\n\t<div class=\"wpb_wrapper\">\n\t\t<p>\u0417\u0430\u043f\u043e\u043b\u043d\u0438\u0442\u0435 \u0444\u043e\u0440\u043c\u0443 \u0438\u043b\u0438 \u043f\u043e\u0437\u0432\u043e\u043d\u0438\u0442\u0435 \u043d\u0430\u043c. \u0421\u043b\u0435\u0434\u0443\u044e\u0449\u0438\u0435 \u0448\u0430\u0433\u0438 \u0431\u0443\u0434\u0443\u0442:<\/p>\n<ul>\n<li>\u041e\u0446\u0435\u043d\u043a\u0430 \u0442\u0435\u0445\u043d\u0438\u0447\u0435\u0441\u043a\u043e\u0433\u043e \u0441\u043e\u0441\u0442\u043e\u044f\u043d\u0438\u044f \u0432\u0430\u0448\u0435\u0433\u043e \u0430\u0432\u0442\u043e\u043c\u043e\u0431\u0438\u043b\u044f.<\/li>\n<li>\u0422\u0435\u0445\u043d\u0438\u0447\u0435\u0441\u043a\u0438\u0439 \u043e\u0441\u043c\u043e\u0442\u0440 \u0430\u0432\u0442\u043e\u043c\u043e\u0431\u0438\u043b\u044f.<\/li>\n<li>\u0417\u0430\u043a\u043b\u044e\u0447\u0435\u043d\u0438\u0435 \u0434\u043e\u0433\u043e\u0432\u043e\u0440\u0430 \u043a\u0443\u043f\u043b\u0438-\u043f\u0440\u043e\u0434\u0430\u0436\u0438 \u0438 \u043e\u043f\u043b\u0430\u0442\u0430 \u0430\u0432\u0442\u043e\u043c\u043e\u0431\u0438\u043b\u044f.<\/li>\n<\/ul>\n\t<\/div>\n<\/div>\n\n\n\n<\/div><\/div><\/div><div class=\"toggle default\" data-inner-wrap=\"true\"><h3 class=\"toggle-title\"><a href=\"#\" role=\"button\" class=\"toggle-heading\"><i role=\"presentation\" class=\"fa fa-plus-circle\"><\/i>\u0412\u044b \u043f\u043e\u043a\u0443\u043f\u0430\u0435\u0442\u0435 \u0432\u0441\u0435 \u0430\u0432\u0442\u043e\u043c\u043e\u0431\u0438\u043b\u0438?<\/a><\/h3><div><div class=\"inner-toggle-wrap\">\n<div class=\"wpb_text_column wpb_content_element\" >\n\t<div class=\"wpb_wrapper\">\n\t\t<p>\u041c\u044b \u043f\u0440\u0438\u043d\u0438\u043c\u0430\u0435\u043c \u0430\u0432\u0442\u043e\u043c\u043e\u0431\u0438\u043b\u0438 \u0432\u0441\u0435\u0445 \u043c\u0430\u0440\u043e\u043a \u0438 \u043c\u043e\u0434\u0435\u043b\u0435\u0439, \u043d\u0435\u0437\u0430\u0432\u0438\u0441\u0438\u043c\u043e \u043e\u0442 \u0438\u0445 \u0441\u043e\u0441\u0442\u043e\u044f\u043d\u0438\u044f. \u0412\u0441\u0435 \u043f\u0440\u0435\u0434\u043b\u043e\u0436\u0435\u043d\u0438\u044f \u0438\u0437\u043d\u0430\u0447\u0430\u043b\u044c\u043d\u043e \u043e\u0446\u0435\u043d\u0438\u0432\u0430\u044e\u0442\u0441\u044f \u043f\u043e \u043e\u0440\u0438\u0435\u043d\u0442\u0438\u0440\u043e\u0432\u043e\u0447\u043d\u043e\u0439 \u0441\u0442\u043e\u0438\u043c\u043e\u0441\u0442\u0438, \u0438 \u0435\u0441\u043b\u0438 \u043c\u044b \u0434\u043e\u0433\u043e\u0432\u043e\u0440\u0438\u043c\u0441\u044f \u043e \u0446\u0435\u043d\u0435, \u0432\u0430\u0448 \u0430\u0432\u0442\u043e\u043c\u043e\u0431\u0438\u043b\u044c \u0431\u0443\u0434\u0435\u0442 \u043a\u0443\u043f\u043b\u0435\u043d.<\/p>\n\t<\/div>\n<\/div>\n\n\n\n<\/div><\/div><\/div><div class=\"toggle default\" data-inner-wrap=\"true\"><h3 class=\"toggle-title\"><a href=\"#\" role=\"button\" class=\"toggle-heading\"><i role=\"presentation\" class=\"fa fa-plus-circle\"><\/i>\u041c\u043e\u0433\u0443 \u043b\u0438 \u044f \u0441\u0434\u0435\u043b\u0430\u0442\u044c \u043f\u0440\u0435\u0434\u043b\u043e\u0436\u0435\u043d\u0438\u0435 \u043f\u043e \u0430\u0432\u0442\u043e\u043c\u043e\u0431\u0438\u043b\u044e, \u043a\u043e\u0442\u043e\u0440\u044b\u0439 \u043d\u0435 \u043d\u0430 \u0445\u043e\u0434\u0443?<\/a><\/h3><div><div class=\"inner-toggle-wrap\">\n<div class=\"wpb_text_column wpb_content_element\" >\n\t<div class=\"wpb_wrapper\">\n\t\t<p>\u0414\u0430, \u0432\u044b \u043c\u043e\u0436\u0435\u0442\u0435 \u0441\u0434\u0435\u043b\u0430\u0442\u044c \u0441\u0442\u0430\u0432\u043a\u0443 \u043d\u0430 \u0430\u0432\u0442\u043e\u043c\u043e\u0431\u0438\u043b\u044c, \u043a\u043e\u0442\u043e\u0440\u044b\u0439 \u043d\u0435 \u043d\u0430 \u0445\u043e\u0434\u0443 \u0438\u043b\u0438 \u043a\u043e\u0442\u043e\u0440\u044b\u043c \u0434\u043e\u043b\u0433\u043e\u0435 \u0432\u0440\u0435\u043c\u044f \u043d\u0435 \u043f\u043e\u043b\u044c\u0437\u043e\u0432\u0430\u043b\u0438\u0441\u044c. \u041c\u044b \u043f\u043e\u0437\u0430\u0431\u043e\u0442\u0438\u043c\u0441\u044f \u043e \u043f\u0435\u0440\u0435\u0432\u043e\u0437\u043a\u0435 \u0442\u0430\u043a\u043e\u0433\u043e \u0442\u0440\u0430\u043d\u0441\u043f\u043e\u0440\u0442\u043d\u043e\u0433\u043e \u0441\u0440\u0435\u0434\u0441\u0442\u0432\u0430.<\/p>\n\t<\/div>\n<\/div>\n\n\n\n<\/div><\/div><\/div><\/div>\n\n\n\n\n\n\n\n\n\n\n\n\n\n\n\n\n\n\n\n\n\t\t\t<\/div> \n\t\t<\/div>\n\t<\/div> \n<\/div><\/div>","protected":false},"excerpt":{"rendered":"Turite klausim\u0173? Superkame vis\u0173 marki\u0173 automobilius visuose lietuvos miestuose. Dirbame ir savaitgaliais Gaukite pinigus u\u017e savo automobil\u012f jau \u0161iandien. Automobiliai gali b\u016bti: Va\u017eiuojantys Neva\u017eiuojantys Dau\u017eti Ne eksplotuojami (ilgai nenaudoti) Vairu...","protected":false},"author":1,"featured_media":144,"parent":0,"menu_order":0,"comment_status":"closed","ping_status":"closed","template":"","meta":{"footnotes":""},"class_list":["post-60","page","type-page","status-publish","has-post-thumbnail"],"yoast_head":"<!-- This site is optimized with the Yoast SEO plugin v27.5 - https:\/\/yoast.com\/product\/yoast-seo-wordpress\/ -->\n<title>Brangiai perkame automobilius | Atsiskaitome i\u0161 karto<\/title>\n<meta name=\"description\" content=\"Perkame tvarkingus, neva\u017eiuojan\u010dius ar dau\u017etus automobilius. Grei\u010diau nei per par\u0105! Si\u016blome geras kainas, greitai atsakome ir nuperkame.\" \/>\n<meta name=\"robots\" content=\"index, follow, max-snippet:-1, max-image-preview:large, max-video-preview:-1\" \/>\n<link rel=\"canonical\" href=\"https:\/\/autogreitassupirkimas.lt\/ru\/duk\/\" \/>\n<meta property=\"og:locale\" content=\"ru_RU\" \/>\n<meta property=\"og:type\" content=\"article\" \/>\n<meta property=\"og:title\" content=\"Brangiai perkame automobilius | Atsiskaitome i\u0161 karto\" \/>\n<meta property=\"og:description\" content=\"Perkame tvarkingus, neva\u017eiuojan\u010dius ar dau\u017etus automobilius. Grei\u010diau nei per par\u0105! Si\u016blome geras kainas, greitai atsakome ir nuperkame.\" \/>\n<meta property=\"og:url\" content=\"https:\/\/autogreitassupirkimas.lt\/ru\/duk\/\" \/>\n<meta property=\"og:site_name\" content=\"Autogreitassupirkimas.lt\" \/>\n<meta property=\"article:modified_time\" content=\"2024-08-05T08:03:29+00:00\" \/>\n<meta property=\"og:image\" content=\"https:\/\/autogreitassupirkimas.lt\/wp-content\/uploads\/2024\/04\/autogreitassupirkimas-soc.jpg\" \/>\n\t<meta property=\"og:image:width\" content=\"1134\" \/>\n\t<meta property=\"og:image:height\" content=\"661\" \/>\n\t<meta property=\"og:image:type\" content=\"image\/jpeg\" \/>\n<meta name=\"twitter:card\" content=\"summary_large_image\" \/>\n<meta name=\"twitter:title\" content=\"Brangiai perkame automobilius | Atsiskaitome i\u0161 karto\" \/>\n<meta name=\"twitter:description\" content=\"Perkame tvarkingus, neva\u017eiuojan\u010dius ar dau\u017etus automobilius. Grei\u010diau nei per par\u0105! Si\u016blome geras kainas, greitai atsakome ir nuperkame.\" \/>\n<meta name=\"twitter:image\" content=\"https:\/\/autogreitassupirkimas.lt\/wp-content\/uploads\/2024\/04\/autogreitassupirkimas-soc.jpg\" \/>\n<meta name=\"twitter:label1\" content=\"\u041f\u0440\u0438\u043c\u0435\u0440\u043d\u043e\u0435 \u0432\u0440\u0435\u043c\u044f \u0434\u043b\u044f \u0447\u0442\u0435\u043d\u0438\u044f\" \/>\n\t<meta name=\"twitter:data1\" content=\"3 \u043c\u0438\u043d\u0443\u0442\u044b\" \/>\n<script type=\"application\/ld+json\" class=\"yoast-schema-graph\">{\"@context\":\"https:\\\/\\\/schema.org\",\"@graph\":[{\"@type\":\"WebPage\",\"@id\":\"https:\\\/\\\/autogreitassupirkimas.lt\\\/duk\\\/\",\"url\":\"https:\\\/\\\/autogreitassupirkimas.lt\\\/duk\\\/\",\"name\":\"Brangiai perkame automobilius | Atsiskaitome i\u0161 karto\",\"isPartOf\":{\"@id\":\"https:\\\/\\\/autogreitassupirkimas.lt\\\/#website\"},\"primaryImageOfPage\":{\"@id\":\"https:\\\/\\\/autogreitassupirkimas.lt\\\/duk\\\/#primaryimage\"},\"image\":{\"@id\":\"https:\\\/\\\/autogreitassupirkimas.lt\\\/duk\\\/#primaryimage\"},\"thumbnailUrl\":\"https:\\\/\\\/autogreitassupirkimas.lt\\\/wp-content\\\/uploads\\\/2024\\\/04\\\/auto-greitas-supirkimas.jpg\",\"datePublished\":\"2024-04-01T15:07:38+00:00\",\"dateModified\":\"2024-08-05T08:03:29+00:00\",\"description\":\"Perkame tvarkingus, neva\u017eiuojan\u010dius ar dau\u017etus automobilius. Grei\u010diau nei per par\u0105! Si\u016blome geras kainas, greitai atsakome ir nuperkame.\",\"breadcrumb\":{\"@id\":\"https:\\\/\\\/autogreitassupirkimas.lt\\\/duk\\\/#breadcrumb\"},\"inLanguage\":\"ru-RU\",\"potentialAction\":[{\"@type\":\"ReadAction\",\"target\":[\"https:\\\/\\\/autogreitassupirkimas.lt\\\/duk\\\/\"]}]},{\"@type\":\"ImageObject\",\"inLanguage\":\"ru-RU\",\"@id\":\"https:\\\/\\\/autogreitassupirkimas.lt\\\/duk\\\/#primaryimage\",\"url\":\"https:\\\/\\\/autogreitassupirkimas.lt\\\/wp-content\\\/uploads\\\/2024\\\/04\\\/auto-greitas-supirkimas.jpg\",\"contentUrl\":\"https:\\\/\\\/autogreitassupirkimas.lt\\\/wp-content\\\/uploads\\\/2024\\\/04\\\/auto-greitas-supirkimas.jpg\",\"width\":1920,\"height\":1440,\"caption\":\"auto greitas supirkimas\"},{\"@type\":\"BreadcrumbList\",\"@id\":\"https:\\\/\\\/autogreitassupirkimas.lt\\\/duk\\\/#breadcrumb\",\"itemListElement\":[{\"@type\":\"ListItem\",\"position\":1,\"name\":\"Home\",\"item\":\"https:\\\/\\\/autogreitassupirkimas.lt\\\/\"},{\"@type\":\"ListItem\",\"position\":2,\"name\":\"DUK\"}]},{\"@type\":\"WebSite\",\"@id\":\"https:\\\/\\\/autogreitassupirkimas.lt\\\/#website\",\"url\":\"https:\\\/\\\/autogreitassupirkimas.lt\\\/\",\"name\":\"Autogreitassupirkimas.lt\",\"description\":\"Greitas automobili\u0173 supirkimas\",\"potentialAction\":[{\"@type\":\"SearchAction\",\"target\":{\"@type\":\"EntryPoint\",\"urlTemplate\":\"https:\\\/\\\/autogreitassupirkimas.lt\\\/?s={search_term_string}\"},\"query-input\":{\"@type\":\"PropertyValueSpecification\",\"valueRequired\":true,\"valueName\":\"search_term_string\"}}],\"inLanguage\":\"ru-RU\"}]}<\/script>\n<!-- \/ Yoast SEO plugin. -->","yoast_head_json":{"title":"Brangiai perkame automobilius | Atsiskaitome i\u0161 karto","description":"Perkame tvarkingus, neva\u017eiuojan\u010dius ar dau\u017etus automobilius. Grei\u010diau nei per par\u0105! Si\u016blome geras kainas, greitai atsakome ir nuperkame.","robots":{"index":"index","follow":"follow","max-snippet":"max-snippet:-1","max-image-preview":"max-image-preview:large","max-video-preview":"max-video-preview:-1"},"canonical":"https:\/\/autogreitassupirkimas.lt\/ru\/duk\/","og_locale":"ru_RU","og_type":"article","og_title":"Brangiai perkame automobilius | Atsiskaitome i\u0161 karto","og_description":"Perkame tvarkingus, neva\u017eiuojan\u010dius ar dau\u017etus automobilius. Grei\u010diau nei per par\u0105! Si\u016blome geras kainas, greitai atsakome ir nuperkame.","og_url":"https:\/\/autogreitassupirkimas.lt\/ru\/duk\/","og_site_name":"Autogreitassupirkimas.lt","article_modified_time":"2024-08-05T08:03:29+00:00","og_image":[{"width":1134,"height":661,"url":"https:\/\/autogreitassupirkimas.lt\/wp-content\/uploads\/2024\/04\/autogreitassupirkimas-soc.jpg","type":"image\/jpeg"}],"twitter_card":"summary_large_image","twitter_title":"Brangiai perkame automobilius | Atsiskaitome i\u0161 karto","twitter_description":"Perkame tvarkingus, neva\u017eiuojan\u010dius ar dau\u017etus automobilius. Grei\u010diau nei per par\u0105! Si\u016blome geras kainas, greitai atsakome ir nuperkame.","twitter_image":"https:\/\/autogreitassupirkimas.lt\/wp-content\/uploads\/2024\/04\/autogreitassupirkimas-soc.jpg","twitter_misc":{"\u041f\u0440\u0438\u043c\u0435\u0440\u043d\u043e\u0435 \u0432\u0440\u0435\u043c\u044f \u0434\u043b\u044f \u0447\u0442\u0435\u043d\u0438\u044f":"3 \u043c\u0438\u043d\u0443\u0442\u044b"},"schema":{"@context":"https:\/\/schema.org","@graph":[{"@type":"WebPage","@id":"https:\/\/autogreitassupirkimas.lt\/duk\/","url":"https:\/\/autogreitassupirkimas.lt\/duk\/","name":"Brangiai perkame automobilius | Atsiskaitome i\u0161 karto","isPartOf":{"@id":"https:\/\/autogreitassupirkimas.lt\/#website"},"primaryImageOfPage":{"@id":"https:\/\/autogreitassupirkimas.lt\/duk\/#primaryimage"},"image":{"@id":"https:\/\/autogreitassupirkimas.lt\/duk\/#primaryimage"},"thumbnailUrl":"https:\/\/autogreitassupirkimas.lt\/wp-content\/uploads\/2024\/04\/auto-greitas-supirkimas.jpg","datePublished":"2024-04-01T15:07:38+00:00","dateModified":"2024-08-05T08:03:29+00:00","description":"Perkame tvarkingus, neva\u017eiuojan\u010dius ar dau\u017etus automobilius. Grei\u010diau nei per par\u0105! Si\u016blome geras kainas, greitai atsakome ir nuperkame.","breadcrumb":{"@id":"https:\/\/autogreitassupirkimas.lt\/duk\/#breadcrumb"},"inLanguage":"ru-RU","potentialAction":[{"@type":"ReadAction","target":["https:\/\/autogreitassupirkimas.lt\/duk\/"]}]},{"@type":"ImageObject","inLanguage":"ru-RU","@id":"https:\/\/autogreitassupirkimas.lt\/duk\/#primaryimage","url":"https:\/\/autogreitassupirkimas.lt\/wp-content\/uploads\/2024\/04\/auto-greitas-supirkimas.jpg","contentUrl":"https:\/\/autogreitassupirkimas.lt\/wp-content\/uploads\/2024\/04\/auto-greitas-supirkimas.jpg","width":1920,"height":1440,"caption":"auto greitas supirkimas"},{"@type":"BreadcrumbList","@id":"https:\/\/autogreitassupirkimas.lt\/duk\/#breadcrumb","itemListElement":[{"@type":"ListItem","position":1,"name":"Home","item":"https:\/\/autogreitassupirkimas.lt\/"},{"@type":"ListItem","position":2,"name":"DUK"}]},{"@type":"WebSite","@id":"https:\/\/autogreitassupirkimas.lt\/#website","url":"https:\/\/autogreitassupirkimas.lt\/","name":"Autogreitassupirkimas.lt","description":"Greitas automobili\u0173 supirkimas","potentialAction":[{"@type":"SearchAction","target":{"@type":"EntryPoint","urlTemplate":"https:\/\/autogreitassupirkimas.lt\/?s={search_term_string}"},"query-input":{"@type":"PropertyValueSpecification","valueRequired":true,"valueName":"search_term_string"}}],"inLanguage":"ru-RU"}]}},"_links":{"self":[{"href":"https:\/\/autogreitassupirkimas.lt\/ru\/wp-json\/wp\/v2\/pages\/60","targetHints":{"allow":["GET"]}}],"collection":[{"href":"https:\/\/autogreitassupirkimas.lt\/ru\/wp-json\/wp\/v2\/pages"}],"about":[{"href":"https:\/\/autogreitassupirkimas.lt\/ru\/wp-json\/wp\/v2\/types\/page"}],"author":[{"embeddable":true,"href":"https:\/\/autogreitassupirkimas.lt\/ru\/wp-json\/wp\/v2\/users\/1"}],"replies":[{"embeddable":true,"href":"https:\/\/autogreitassupirkimas.lt\/ru\/wp-json\/wp\/v2\/comments?post=60"}],"version-history":[{"count":0,"href":"https:\/\/autogreitassupirkimas.lt\/ru\/wp-json\/wp\/v2\/pages\/60\/revisions"}],"wp:featuredmedia":[{"embeddable":true,"href":"https:\/\/autogreitassupirkimas.lt\/ru\/wp-json\/wp\/v2\/media\/144"}],"wp:attachment":[{"href":"https:\/\/autogreitassupirkimas.lt\/ru\/wp-json\/wp\/v2\/media?parent=60"}],"curies":[{"name":"wp","href":"https:\/\/api.w.org\/{rel}","templated":true}]}}