{"id":204,"date":"2024-06-10T22:09:50","date_gmt":"2024-06-10T19:09:50","guid":{"rendered":"https:\/\/autogreitassupirkimas.lt\/?page_id=204"},"modified":"2024-06-10T22:09:50","modified_gmt":"2024-06-10T19:09:50","slug":"visu-pasaulio-gamintoju-automobiliu-greitas-supirkimas","status":"publish","type":"page","link":"https:\/\/autogreitassupirkimas.lt\/ru\/visu-pasaulio-gamintoju-automobiliu-greitas-supirkimas\/","title":{"rendered":"Vis\u0173 pasaulio gamintoj\u0173 automobili\u0173 greitas supirkimas"},"content":{"rendered":"<div id=\"fws_69f6610dd3bcb\"  data-column-margin=\"default\" data-midnight=\"dark\"  class=\"wpb_row vc_row-fluid vc_row\"  style=\"padding-top: 0px; padding-bottom: 0px; \"><div class=\"row-bg-wrap\" data-bg-animation=\"none\" data-bg-animation-delay=\"\" data-bg-overlay=\"false\"><div class=\"inner-wrap row-bg-layer\" ><div class=\"row-bg viewport-desktop\"  style=\"\"><\/div><\/div><\/div><div class=\"row_col_wrap_12 col span_12 dark left\">\n\t<div  class=\"vc_col-sm-12 wpb_column column_container vc_column_container col no-extra-padding inherit_tablet inherit_phone\"  data-padding-pos=\"all\" data-has-bg-color=\"false\" data-bg-color=\"\" data-bg-opacity=\"1\" data-animation=\"\" data-delay=\"0\" >\n\t\t<div class=\"vc_column-inner\" >\n\t\t\t<div class=\"wpb_wrapper\">\n\t\t\t\t<h1 style=\"font-size: 2vw;text-align: left\" class=\"vc_custom_heading\" >Vis\u0173 pasaulio gamintoj\u0173 automobili\u0173 greitas supirkimas<\/h1>\n\t\t\t<\/div> \n\t\t<\/div>\n\t<\/div> \n<\/div><\/div>\n\t\t<div id=\"fws_69f6610dd3f5c\"  data-column-margin=\"default\" data-midnight=\"dark\"  class=\"wpb_row vc_row-fluid vc_row\"  style=\"padding-top: 0px; padding-bottom: 0px; \"><div class=\"row-bg-wrap\" data-bg-animation=\"none\" data-bg-animation-delay=\"\" data-bg-overlay=\"false\"><div class=\"inner-wrap row-bg-layer\" ><div class=\"row-bg viewport-desktop\"  style=\"\"><\/div><\/div><\/div><div class=\"row_col_wrap_12 col span_12 dark left\">\n\t<div  class=\"vc_col-sm-12 wpb_column column_container vc_column_container col no-extra-padding inherit_tablet inherit_phone\"  data-padding-pos=\"all\" data-has-bg-color=\"false\" data-bg-color=\"\" data-bg-opacity=\"1\" data-animation=\"\" data-delay=\"0\" >\n\t\t<div class=\"vc_column-inner\" >\n\t\t\t<div class=\"wpb_wrapper\">\n\t\t\t\t\n<div class=\"wpb_text_column wpb_content_element\" >\n\t<div class=\"wpb_wrapper\">\n\t\t<p><strong>BMW<\/strong>: Vokie\u010di\u0173 gamybos mark\u0117s BMW automobili\u0173 supirkimas. \u012ekurta 1916 m., \u017einoma d\u0117l prabangi\u0173 ir sporti\u0161k\u0173 automobili\u0173.<\/p>\n\t<\/div>\n<\/div>\n\n\n\n\n<div class=\"wpb_text_column wpb_content_element\" >\n\t<div class=\"wpb_wrapper\">\n\t\t<p><strong>Mercedes-Benz<\/strong>: Vokie\u010di\u0173 gamybos mark\u0117s Mercedes-Benz automobili\u0173 supirkimas. \u012ekurta 1926 m., inovatyvi\u0173 technologij\u0173 lyderis.<\/p>\n\t<\/div>\n<\/div>\n\n\n\n\n<div class=\"wpb_text_column wpb_content_element\" >\n\t<div class=\"wpb_wrapper\">\n\t\t<p><strong>Audi<\/strong>: Vokie\u010di\u0173 gamybos mark\u0117s Audi automobili\u0173 supirkimas. \u012ekurta 1909 m., gars\u0117ja Quattro visais varomais ratais sistema.<\/p>\n\t<\/div>\n<\/div>\n\n\n\n\n<div class=\"wpb_text_column wpb_content_element\" >\n\t<div class=\"wpb_wrapper\">\n\t\t<p><strong>Volkswagen<\/strong>: Vokie\u010di\u0173 gamybos mark\u0117s Volkswagen automobili\u0173 supirkimas. \u012ekurta 1937 m., populiari d\u0117l &#8222;Volkswagen Beetle&#8221;.<\/p>\n\t<\/div>\n<\/div>\n\n\n\n\n<div class=\"wpb_text_column wpb_content_element\" >\n\t<div class=\"wpb_wrapper\">\n\t\t<p><strong>Porsche<\/strong>: Vokie\u010di\u0173 gamybos mark\u0117s Porsche automobili\u0173 supirkimas. \u012ekurta 1931 m., gars\u0117ja sportiniais automobiliais.<\/p>\n\t<\/div>\n<\/div>\n\n\n\n\n<div class=\"wpb_text_column wpb_content_element\" >\n\t<div class=\"wpb_wrapper\">\n\t\t<p><strong>Opel<\/strong>: Vokie\u010di\u0173 gamybos mark\u0117s Opel automobili\u0173 supirkimas. \u012ekurta 1862 m., prad\u017eioje gamino siuvimo ma\u0161inas.<\/p>\n\t<\/div>\n<\/div>\n\n\n\n\n<div class=\"wpb_text_column wpb_content_element\" >\n\t<div class=\"wpb_wrapper\">\n\t\t<p><strong>Ford<\/strong>: Amerikie\u010di\u0173 gamybos mark\u0117s Ford automobili\u0173 supirkimas. \u012ekurta 1903 m., pirmasis masin\u0117s gamybos modelis \u2013 Model T.<\/p>\n\t<\/div>\n<\/div>\n\n\n\n\n<div class=\"wpb_text_column wpb_content_element\" >\n\t<div class=\"wpb_wrapper\">\n\t\t<p><strong>Chevrolet<\/strong>: Amerikie\u010di\u0173 gamybos mark\u0117s Chevrolet automobili\u0173 supirkimas. \u012ekurta 1911 m., \u017einoma d\u0117l Corvette sportinio automobilio.<\/p>\n\t<\/div>\n<\/div>\n\n\n\n\n<div class=\"wpb_text_column wpb_content_element\" >\n\t<div class=\"wpb_wrapper\">\n\t\t<p><strong>Dodge<\/strong>: Amerikie\u010di\u0173 gamybos mark\u0117s Dodge automobili\u0173 supirkimas. \u012ekurta 1900 m., gars\u0117ja galingais muscle car modeliais.<\/p>\n\t<\/div>\n<\/div>\n\n\n\n\n<div class=\"wpb_text_column wpb_content_element\" >\n\t<div class=\"wpb_wrapper\">\n\t\t<p><strong>Tesla<\/strong>: Amerikie\u010di\u0173 gamybos mark\u0117s Tesla automobili\u0173 supirkimas. \u012ekurta 2003 m., elektrini\u0173 automobili\u0173 pramon\u0117s pionierius.<\/p>\n\t<\/div>\n<\/div>\n\n\n\n\n<div class=\"wpb_text_column wpb_content_element\" >\n\t<div class=\"wpb_wrapper\">\n\t\t<p><strong>Toyota<\/strong>: Japon\u0173 gamybos mark\u0117s Toyota automobili\u0173 supirkimas. \u012ekurta 1937 m., \u017einoma d\u0117l patikimumo ir hibridini\u0173 modeli\u0173.<\/p>\n\t<\/div>\n<\/div>\n\n\n\n\n<div class=\"wpb_text_column wpb_content_element\" >\n\t<div class=\"wpb_wrapper\">\n\t\t<p><strong>Honda<\/strong>: Japon\u0173 gamybos mark\u0117s Honda automobili\u0173 supirkimas. \u012ekurta 1948 m., did\u017eiausias motocikl\u0173 gamintojas pasaulyje.<\/p>\n\t<\/div>\n<\/div>\n\n\n\n\n<div class=\"wpb_text_column wpb_content_element\" >\n\t<div class=\"wpb_wrapper\">\n\t\t<p><strong>Nissan<\/strong>: Japon\u0173 gamybos mark\u0117s Nissan automobili\u0173 supirkimas. \u012ekurta 1933 m., gars\u0117ja &#8222;Z&#8221; serijos sportiniais automobiliais.<\/p>\n\t<\/div>\n<\/div>\n\n\n\n\n<div class=\"wpb_text_column wpb_content_element\" >\n\t<div class=\"wpb_wrapper\">\n\t\t<p><strong>Peugeot<\/strong>: Pranc\u016bz\u0173 gamybos mark\u0117s Peugeot automobili\u0173 supirkimas. \u012ekurta 1810 m., prad\u017eioje gamino mal\u016bn\u0117lius.<\/p>\n\t<\/div>\n<\/div>\n\n\n\n\n<div class=\"wpb_text_column wpb_content_element\" >\n\t<div class=\"wpb_wrapper\">\n\t\t<p><strong>Mazda<\/strong>: Japon\u0173 gamybos mark\u0117s Mazda automobili\u0173 supirkimas. \u012ekurta 1920 m., \u017einoma d\u0117l rotacinio variklio technologijos.<\/p>\n\t<\/div>\n<\/div>\n\n\n\n\n<div class=\"wpb_text_column wpb_content_element\" >\n\t<div class=\"wpb_wrapper\">\n\t\t<p><strong>Mitsubishi<\/strong>: Japon\u0173 gamybos mark\u0117s Mitsubishi automobili\u0173 supirkimas. \u012ekurta 1870 m., pirmasis Japonijos automobili\u0173 eksportuotojas.<\/p>\n\t<\/div>\n<\/div>\n\n\n\n\n<div class=\"wpb_text_column wpb_content_element\" >\n\t<div class=\"wpb_wrapper\">\n\t\t<p><strong>Subaru<\/strong>: Japon\u0173 gamybos mark\u0117s Subaru automobili\u0173 supirkimas. \u012ekurta 1953 m., gars\u0117ja Boxer varikliais ir AWD sistema.<\/p>\n\t<\/div>\n<\/div>\n\n\n\n\n<div class=\"wpb_text_column wpb_content_element\" >\n\t<div class=\"wpb_wrapper\">\n\t\t<p><strong>Suzuki<\/strong>: Japon\u0173 gamybos mark\u0117s Suzuki automobili\u0173 supirkimas. \u012ekurta 1909 m., prad\u017eioje gamino audimo stakles.<\/p>\n\t<\/div>\n<\/div>\n\n\n\n\n<div class=\"wpb_text_column wpb_content_element\" >\n\t<div class=\"wpb_wrapper\">\n\t\t<p><strong>Hyundai<\/strong>: Kor\u0117jie\u010di\u0173 gamybos mark\u0117s Hyundai automobili\u0173 supirkimas. \u012ekurta 1967 m., tapo vienu did\u017eiausi\u0173 automobili\u0173 gamintoj\u0173 pasaulyje.<\/p>\n\t<\/div>\n<\/div>\n\n\n\n\n<div class=\"wpb_text_column wpb_content_element\" >\n\t<div class=\"wpb_wrapper\">\n\t\t<p><strong>Kia<\/strong>: Kor\u0117jie\u010di\u0173 gamybos mark\u0117s Kia automobili\u0173 supirkimas. \u012ekurta 1944 m., prad\u0117jo veikl\u0105 kaip dvira\u010di\u0173 dalys gamintojas.<\/p>\n\t<\/div>\n<\/div>\n\n\n\n\n<div class=\"wpb_text_column wpb_content_element\" >\n\t<div class=\"wpb_wrapper\">\n\t\t<p><strong>Renault<\/strong>: Pranc\u016bz\u0173 gamybos mark\u0117s Renault automobili\u0173 supirkimas. \u012ekurta 1899 m., \u017einoma d\u0117l dalyvavimo Formul\u0117je 1.<\/p>\n\t<\/div>\n<\/div>\n\n\n\n\n<div class=\"wpb_text_column wpb_content_element\" >\n\t<div class=\"wpb_wrapper\">\n\t\t<p><strong>Citro\u00ebn<\/strong>: Pranc\u016bz\u0173 gamybos mark\u0117s Citro\u00ebn automobili\u0173 supirkimas. \u012ekurta 1919 m., revoliucinis &#8222;Traction Avant&#8221; modelis.<\/p>\n\t<\/div>\n<\/div>\n\n\n\n\n<div class=\"wpb_text_column wpb_content_element\" >\n\t<div class=\"wpb_wrapper\">\n\t\t<p><strong>Fiat<\/strong>: Ital\u0173 gamybos mark\u0117s Fiat automobili\u0173 supirkimas. \u012ekurta 1899 m., populiari &#8222;500&#8221; serija.<\/p>\n\t<\/div>\n<\/div>\n\n\n\n\n<div class=\"wpb_text_column wpb_content_element\" >\n\t<div class=\"wpb_wrapper\">\n\t\t<p><strong>Alfa Romeo<\/strong>: Ital\u0173 gamybos mark\u0117s Alfa Romeo automobili\u0173 supirkimas. \u012ekurta 1910 m., gars\u0117ja sportiniais automobiliais.<\/p>\n\t<\/div>\n<\/div>\n\n\n\n\n<div class=\"wpb_text_column wpb_content_element\" >\n\t<div class=\"wpb_wrapper\">\n\t\t<p><strong>Ferrari<\/strong>: Ital\u0173 gamybos mark\u0117s Ferrari automobili\u0173 supirkimas. \u012ekurta 1939 m., ikoni\u0161ki sportiniai ir prabang\u016bs automobiliai.<\/p>\n\t<\/div>\n<\/div>\n\n\n\n\n<div class=\"wpb_text_column wpb_content_element\" >\n\t<div class=\"wpb_wrapper\">\n\t\t<p><strong>Lamborghini<\/strong>: Ital\u0173 gamybos mark\u0117s Lamborghini automobili\u0173 supirkimas. \u012ekurta 1963 m., gars\u0117ja superautomobiliais.<\/p>\n\t<\/div>\n<\/div>\n\n\n\n\n<div class=\"wpb_text_column wpb_content_element\" >\n\t<div class=\"wpb_wrapper\">\n\t\t<p><strong>Maserati<\/strong>: Ital\u0173 gamybos mark\u0117s Maserati automobili\u0173 supirkimas. \u012ekurta 1914 m., prabang\u016bs sportiniai automobiliai.<\/p>\n\t<\/div>\n<\/div>\n\n\n\n\n<div class=\"wpb_text_column wpb_content_element\" >\n\t<div class=\"wpb_wrapper\">\n\t\t<p><strong>Volvo<\/strong>: \u0160ved\u0173 gamybos mark\u0117s Volvo automobili\u0173 supirkimas. \u012ekurta 1927 m., \u017einoma d\u0117l saugumo inovacij\u0173.<\/p>\n\t<\/div>\n<\/div>\n\n\n\n\n<div class=\"wpb_text_column wpb_content_element\" >\n\t<div class=\"wpb_wrapper\">\n\t\t<p><strong>Saab<\/strong>: \u0160ved\u0173 gamybos mark\u0117s Saab automobili\u0173 supirkimas. \u012ekurta 1945 m., prad\u017eioje gamino l\u0117ktuvus.<\/p>\n\t<\/div>\n<\/div>\n\n\n\n\n<div class=\"wpb_text_column wpb_content_element\" >\n\t<div class=\"wpb_wrapper\">\n\t\t<p><strong>Jaguar<\/strong>: Brit\u0173 gamybos mark\u0117s Jaguar automobili\u0173 supirkimas. \u012ekurta 1922 m., prabang\u016bs ir sportiniai automobiliai.<\/p>\n\t<\/div>\n<\/div>\n\n\n\n\n<div class=\"wpb_text_column wpb_content_element\" >\n\t<div class=\"wpb_wrapper\">\n\t\t<p><strong>Land Rover<\/strong>: Brit\u0173 gamybos mark\u0117s Land Rover automobili\u0173 supirkimas. \u012ekurta 1948 m., \u017einoma d\u0117l visureigi\u0173.<\/p>\n\t<\/div>\n<\/div>\n\n\n\n\n<div class=\"wpb_text_column wpb_content_element\" >\n\t<div class=\"wpb_wrapper\">\n\t\t<p><strong>Aston Martin<\/strong>: Brit\u0173 gamybos mark\u0117s Aston Martin automobili\u0173 supirkimas. \u012ekurta 1913 m., gars\u0117ja prabangiais sportiniais automobiliais.<\/p>\n\t<\/div>\n<\/div>\n\n\n\n\n<div class=\"wpb_text_column wpb_content_element\" >\n\t<div class=\"wpb_wrapper\">\n\t\t<p><strong>Bentley<\/strong>: Brit\u0173 gamybos mark\u0117s Bentley automobili\u0173 supirkimas. \u012ekurta 1919 m., prabang\u016bs automobiliai.<\/p>\n\t<\/div>\n<\/div>\n\n\n\n\n<div class=\"wpb_text_column wpb_content_element\" >\n\t<div class=\"wpb_wrapper\">\n\t\t<p><strong>Dacia<\/strong>: Rumun\u0173 gamybos mark\u0117s Dacia automobili\u0173 supirkimas. \u012ekurta 1966 m., \u017einoma d\u0117l biud\u017eetini\u0173 automobili\u0173.<\/p>\n\t<\/div>\n<\/div>\n\n\n\n\n<div class=\"wpb_text_column wpb_content_element\" >\n\t<div class=\"wpb_wrapper\">\n\t\t<p><strong>Rolls-Royce<\/strong>: Brit\u0173 gamybos mark\u0117s Rolls-Royce automobili\u0173 supirkimas. \u012ekurta 1906 m., prabangiausi automobiliai pasaulyje.<\/p>\n\t<\/div>\n<\/div>\n\n\n\n\n<div class=\"wpb_text_column wpb_content_element\" >\n\t<div class=\"wpb_wrapper\">\n\t\t<p><strong>Skoda<\/strong>: \u010cek\u0173 gamybos mark\u0117s Skoda automobili\u0173 supirkimas. \u012ekurta 1895 m., prad\u017eioje gamino dvira\u010dius.<\/p>\n\t<\/div>\n<\/div>\n\n\n\n\n<div class=\"wpb_text_column wpb_content_element\" >\n\t<div class=\"wpb_wrapper\">\n\t\t<p><strong>Seat<\/strong>: Ispan\u0173 gamybos mark\u0117s Seat automobili\u0173 supirkimas. \u012ekurta 1950 m., Ispanijos nacionalin\u0117 automobili\u0173 gamykla.<\/p>\n\t<\/div>\n<\/div>\n\n\n\n\n<div class=\"wpb_text_column wpb_content_element\" >\n\t<div class=\"wpb_wrapper\">\n\t\t<p><strong>Lada<\/strong>: Rus\u0173 gamybos mark\u0117s Lada automobili\u0173 supirkimas. \u012ekurta 1973 m., populiari d\u0117l paprast\u0173 ir patikim\u0173 automobili\u0173.<\/p>\n\t<\/div>\n<\/div>\n\n\n\n\n\t\t\t<\/div> \n\t\t<\/div>\n\t<\/div> \n<\/div><\/div>","protected":false},"excerpt":{"rendered":"Vis\u0173 pasaulio gamintoj\u0173 automobili\u0173 greitas supirkimas BMW: Vokie\u010di\u0173 gamybos mark\u0117s BMW automobili\u0173 supirkimas. \u012ekurta 1916 m., \u017einoma d\u0117l prabangi\u0173 ir sporti\u0161k\u0173 automobili\u0173. Mercedes-Benz: Vokie\u010di\u0173 gamybos mark\u0117s Mercedes-Benz automobili\u0173 supirkimas. \u012ekurta...","protected":false},"author":1,"featured_media":144,"parent":0,"menu_order":0,"comment_status":"closed","ping_status":"closed","template":"","meta":{"footnotes":""},"class_list":["post-204","page","type-page","status-publish","has-post-thumbnail"],"yoast_head":"<!-- This site is optimized with the Yoast SEO plugin v27.5 - https:\/\/yoast.com\/product\/yoast-seo-wordpress\/ -->\n<title>Vis\u0173 pasaulio gamintoj\u0173 automobili\u0173 greitas supirkimas - Autogreitassupirkimas.lt<\/title>\n<meta name=\"description\" content=\"Superkame vis\u0173 marki\u0173 automobilius, \u012fskaitant BMW, Mercedes-Benz, Audi, Toyota, Ford ir daugel\u012f kit\u0173. Greitas automobili\u0173 supirkimas\" \/>\n<meta name=\"robots\" content=\"index, follow, max-snippet:-1, max-image-preview:large, max-video-preview:-1\" \/>\n<link rel=\"canonical\" href=\"https:\/\/autogreitassupirkimas.lt\/ru\/visu-pasaulio-gamintoju-automobiliu-greitas-supirkimas\/\" \/>\n<meta property=\"og:locale\" content=\"ru_RU\" \/>\n<meta property=\"og:type\" content=\"article\" \/>\n<meta property=\"og:title\" content=\"Vis\u0173 pasaulio gamintoj\u0173 automobili\u0173 greitas supirkimas\" \/>\n<meta property=\"og:description\" content=\"Superkame vis\u0173 marki\u0173 automobilius, \u012fskaitant BMW, Mercedes-Benz, Audi, Toyota, Ford ir daugel\u012f kit\u0173. Greitas automobili\u0173 supirkimas\" \/>\n<meta property=\"og:url\" content=\"https:\/\/autogreitassupirkimas.lt\/ru\/visu-pasaulio-gamintoju-automobiliu-greitas-supirkimas\/\" \/>\n<meta property=\"og:site_name\" content=\"Autogreitassupirkimas.lt\" \/>\n<meta property=\"og:image\" content=\"https:\/\/autogreitassupirkimas.lt\/wp-content\/uploads\/2024\/04\/autogreitassupirkimas-soc.jpg\" \/>\n\t<meta property=\"og:image:width\" content=\"1134\" \/>\n\t<meta property=\"og:image:height\" content=\"661\" \/>\n\t<meta property=\"og:image:type\" content=\"image\/jpeg\" \/>\n<meta name=\"twitter:card\" content=\"summary_large_image\" \/>\n<meta name=\"twitter:title\" content=\"Vis\u0173 pasaulio gamintoj\u0173 automobili\u0173 greitas supirkimas\" \/>\n<meta name=\"twitter:description\" content=\"Superkame vis\u0173 marki\u0173 automobilius, \u012fskaitant BMW, Mercedes-Benz, Audi, Toyota, Ford ir daugel\u012f kit\u0173. Greitas automobili\u0173 supirkimas\" \/>\n<meta name=\"twitter:image\" content=\"https:\/\/autogreitassupirkimas.lt\/wp-content\/uploads\/2024\/04\/autogreitassupirkimas-soc.jpg\" \/>\n<meta name=\"twitter:label1\" content=\"\u041f\u0440\u0438\u043c\u0435\u0440\u043d\u043e\u0435 \u0432\u0440\u0435\u043c\u044f \u0434\u043b\u044f \u0447\u0442\u0435\u043d\u0438\u044f\" \/>\n\t<meta name=\"twitter:data1\" content=\"4 \u043c\u0438\u043d\u0443\u0442\u044b\" \/>\n<script type=\"application\/ld+json\" class=\"yoast-schema-graph\">{\"@context\":\"https:\\\/\\\/schema.org\",\"@graph\":[{\"@type\":\"WebPage\",\"@id\":\"https:\\\/\\\/autogreitassupirkimas.lt\\\/visu-pasaulio-gamintoju-automobiliu-greitas-supirkimas\\\/\",\"url\":\"https:\\\/\\\/autogreitassupirkimas.lt\\\/visu-pasaulio-gamintoju-automobiliu-greitas-supirkimas\\\/\",\"name\":\"Vis\u0173 pasaulio gamintoj\u0173 automobili\u0173 greitas supirkimas - Autogreitassupirkimas.lt\",\"isPartOf\":{\"@id\":\"https:\\\/\\\/autogreitassupirkimas.lt\\\/#website\"},\"primaryImageOfPage\":{\"@id\":\"https:\\\/\\\/autogreitassupirkimas.lt\\\/visu-pasaulio-gamintoju-automobiliu-greitas-supirkimas\\\/#primaryimage\"},\"image\":{\"@id\":\"https:\\\/\\\/autogreitassupirkimas.lt\\\/visu-pasaulio-gamintoju-automobiliu-greitas-supirkimas\\\/#primaryimage\"},\"thumbnailUrl\":\"https:\\\/\\\/autogreitassupirkimas.lt\\\/wp-content\\\/uploads\\\/2024\\\/04\\\/auto-greitas-supirkimas.jpg\",\"datePublished\":\"2024-06-10T19:09:50+00:00\",\"description\":\"Superkame vis\u0173 marki\u0173 automobilius, \u012fskaitant BMW, Mercedes-Benz, Audi, Toyota, Ford ir daugel\u012f kit\u0173. Greitas automobili\u0173 supirkimas\",\"breadcrumb\":{\"@id\":\"https:\\\/\\\/autogreitassupirkimas.lt\\\/visu-pasaulio-gamintoju-automobiliu-greitas-supirkimas\\\/#breadcrumb\"},\"inLanguage\":\"ru-RU\",\"potentialAction\":[{\"@type\":\"ReadAction\",\"target\":[\"https:\\\/\\\/autogreitassupirkimas.lt\\\/visu-pasaulio-gamintoju-automobiliu-greitas-supirkimas\\\/\"]}]},{\"@type\":\"ImageObject\",\"inLanguage\":\"ru-RU\",\"@id\":\"https:\\\/\\\/autogreitassupirkimas.lt\\\/visu-pasaulio-gamintoju-automobiliu-greitas-supirkimas\\\/#primaryimage\",\"url\":\"https:\\\/\\\/autogreitassupirkimas.lt\\\/wp-content\\\/uploads\\\/2024\\\/04\\\/auto-greitas-supirkimas.jpg\",\"contentUrl\":\"https:\\\/\\\/autogreitassupirkimas.lt\\\/wp-content\\\/uploads\\\/2024\\\/04\\\/auto-greitas-supirkimas.jpg\",\"width\":1920,\"height\":1440,\"caption\":\"auto greitas supirkimas\"},{\"@type\":\"BreadcrumbList\",\"@id\":\"https:\\\/\\\/autogreitassupirkimas.lt\\\/visu-pasaulio-gamintoju-automobiliu-greitas-supirkimas\\\/#breadcrumb\",\"itemListElement\":[{\"@type\":\"ListItem\",\"position\":1,\"name\":\"Home\",\"item\":\"https:\\\/\\\/autogreitassupirkimas.lt\\\/\"},{\"@type\":\"ListItem\",\"position\":2,\"name\":\"Vis\u0173 pasaulio gamintoj\u0173 automobili\u0173 greitas supirkimas\"}]},{\"@type\":\"WebSite\",\"@id\":\"https:\\\/\\\/autogreitassupirkimas.lt\\\/#website\",\"url\":\"https:\\\/\\\/autogreitassupirkimas.lt\\\/\",\"name\":\"Autogreitassupirkimas.lt\",\"description\":\"Greitas automobili\u0173 supirkimas\",\"potentialAction\":[{\"@type\":\"SearchAction\",\"target\":{\"@type\":\"EntryPoint\",\"urlTemplate\":\"https:\\\/\\\/autogreitassupirkimas.lt\\\/?s={search_term_string}\"},\"query-input\":{\"@type\":\"PropertyValueSpecification\",\"valueRequired\":true,\"valueName\":\"search_term_string\"}}],\"inLanguage\":\"ru-RU\"}]}<\/script>\n<!-- \/ Yoast SEO plugin. -->","yoast_head_json":{"title":"Vis\u0173 pasaulio gamintoj\u0173 automobili\u0173 greitas supirkimas - Autogreitassupirkimas.lt","description":"Superkame vis\u0173 marki\u0173 automobilius, \u012fskaitant BMW, Mercedes-Benz, Audi, Toyota, Ford ir daugel\u012f kit\u0173. Greitas automobili\u0173 supirkimas","robots":{"index":"index","follow":"follow","max-snippet":"max-snippet:-1","max-image-preview":"max-image-preview:large","max-video-preview":"max-video-preview:-1"},"canonical":"https:\/\/autogreitassupirkimas.lt\/ru\/visu-pasaulio-gamintoju-automobiliu-greitas-supirkimas\/","og_locale":"ru_RU","og_type":"article","og_title":"Vis\u0173 pasaulio gamintoj\u0173 automobili\u0173 greitas supirkimas","og_description":"Superkame vis\u0173 marki\u0173 automobilius, \u012fskaitant BMW, Mercedes-Benz, Audi, Toyota, Ford ir daugel\u012f kit\u0173. Greitas automobili\u0173 supirkimas","og_url":"https:\/\/autogreitassupirkimas.lt\/ru\/visu-pasaulio-gamintoju-automobiliu-greitas-supirkimas\/","og_site_name":"Autogreitassupirkimas.lt","og_image":[{"width":1134,"height":661,"url":"https:\/\/autogreitassupirkimas.lt\/wp-content\/uploads\/2024\/04\/autogreitassupirkimas-soc.jpg","type":"image\/jpeg"}],"twitter_card":"summary_large_image","twitter_title":"Vis\u0173 pasaulio gamintoj\u0173 automobili\u0173 greitas supirkimas","twitter_description":"Superkame vis\u0173 marki\u0173 automobilius, \u012fskaitant BMW, Mercedes-Benz, Audi, Toyota, Ford ir daugel\u012f kit\u0173. Greitas automobili\u0173 supirkimas","twitter_image":"https:\/\/autogreitassupirkimas.lt\/wp-content\/uploads\/2024\/04\/autogreitassupirkimas-soc.jpg","twitter_misc":{"\u041f\u0440\u0438\u043c\u0435\u0440\u043d\u043e\u0435 \u0432\u0440\u0435\u043c\u044f \u0434\u043b\u044f \u0447\u0442\u0435\u043d\u0438\u044f":"4 \u043c\u0438\u043d\u0443\u0442\u044b"},"schema":{"@context":"https:\/\/schema.org","@graph":[{"@type":"WebPage","@id":"https:\/\/autogreitassupirkimas.lt\/visu-pasaulio-gamintoju-automobiliu-greitas-supirkimas\/","url":"https:\/\/autogreitassupirkimas.lt\/visu-pasaulio-gamintoju-automobiliu-greitas-supirkimas\/","name":"Vis\u0173 pasaulio gamintoj\u0173 automobili\u0173 greitas supirkimas - Autogreitassupirkimas.lt","isPartOf":{"@id":"https:\/\/autogreitassupirkimas.lt\/#website"},"primaryImageOfPage":{"@id":"https:\/\/autogreitassupirkimas.lt\/visu-pasaulio-gamintoju-automobiliu-greitas-supirkimas\/#primaryimage"},"image":{"@id":"https:\/\/autogreitassupirkimas.lt\/visu-pasaulio-gamintoju-automobiliu-greitas-supirkimas\/#primaryimage"},"thumbnailUrl":"https:\/\/autogreitassupirkimas.lt\/wp-content\/uploads\/2024\/04\/auto-greitas-supirkimas.jpg","datePublished":"2024-06-10T19:09:50+00:00","description":"Superkame vis\u0173 marki\u0173 automobilius, \u012fskaitant BMW, Mercedes-Benz, Audi, Toyota, Ford ir daugel\u012f kit\u0173. Greitas automobili\u0173 supirkimas","breadcrumb":{"@id":"https:\/\/autogreitassupirkimas.lt\/visu-pasaulio-gamintoju-automobiliu-greitas-supirkimas\/#breadcrumb"},"inLanguage":"ru-RU","potentialAction":[{"@type":"ReadAction","target":["https:\/\/autogreitassupirkimas.lt\/visu-pasaulio-gamintoju-automobiliu-greitas-supirkimas\/"]}]},{"@type":"ImageObject","inLanguage":"ru-RU","@id":"https:\/\/autogreitassupirkimas.lt\/visu-pasaulio-gamintoju-automobiliu-greitas-supirkimas\/#primaryimage","url":"https:\/\/autogreitassupirkimas.lt\/wp-content\/uploads\/2024\/04\/auto-greitas-supirkimas.jpg","contentUrl":"https:\/\/autogreitassupirkimas.lt\/wp-content\/uploads\/2024\/04\/auto-greitas-supirkimas.jpg","width":1920,"height":1440,"caption":"auto greitas supirkimas"},{"@type":"BreadcrumbList","@id":"https:\/\/autogreitassupirkimas.lt\/visu-pasaulio-gamintoju-automobiliu-greitas-supirkimas\/#breadcrumb","itemListElement":[{"@type":"ListItem","position":1,"name":"Home","item":"https:\/\/autogreitassupirkimas.lt\/"},{"@type":"ListItem","position":2,"name":"Vis\u0173 pasaulio gamintoj\u0173 automobili\u0173 greitas supirkimas"}]},{"@type":"WebSite","@id":"https:\/\/autogreitassupirkimas.lt\/#website","url":"https:\/\/autogreitassupirkimas.lt\/","name":"Autogreitassupirkimas.lt","description":"Greitas automobili\u0173 supirkimas","potentialAction":[{"@type":"SearchAction","target":{"@type":"EntryPoint","urlTemplate":"https:\/\/autogreitassupirkimas.lt\/?s={search_term_string}"},"query-input":{"@type":"PropertyValueSpecification","valueRequired":true,"valueName":"search_term_string"}}],"inLanguage":"ru-RU"}]}},"_links":{"self":[{"href":"https:\/\/autogreitassupirkimas.lt\/ru\/wp-json\/wp\/v2\/pages\/204","targetHints":{"allow":["GET"]}}],"collection":[{"href":"https:\/\/autogreitassupirkimas.lt\/ru\/wp-json\/wp\/v2\/pages"}],"about":[{"href":"https:\/\/autogreitassupirkimas.lt\/ru\/wp-json\/wp\/v2\/types\/page"}],"author":[{"embeddable":true,"href":"https:\/\/autogreitassupirkimas.lt\/ru\/wp-json\/wp\/v2\/users\/1"}],"replies":[{"embeddable":true,"href":"https:\/\/autogreitassupirkimas.lt\/ru\/wp-json\/wp\/v2\/comments?post=204"}],"version-history":[{"count":0,"href":"https:\/\/autogreitassupirkimas.lt\/ru\/wp-json\/wp\/v2\/pages\/204\/revisions"}],"wp:featuredmedia":[{"embeddable":true,"href":"https:\/\/autogreitassupirkimas.lt\/ru\/wp-json\/wp\/v2\/media\/144"}],"wp:attachment":[{"href":"https:\/\/autogreitassupirkimas.lt\/ru\/wp-json\/wp\/v2\/media?parent=204"}],"curies":[{"name":"wp","href":"https:\/\/api.w.org\/{rel}","templated":true}]}}